{"id":6288,"date":"2023-12-19T15:16:46","date_gmt":"2023-12-19T15:16:46","guid":{"rendered":"https:\/\/vgv.az\/?page_id=6288"},"modified":"2024-01-18T14:38:10","modified_gmt":"2024-01-18T10:38:10","slug":"haqqimizda","status":"publish","type":"page","link":"https:\/\/vgv.az\/en\/haqqimizda\/","title":{"rendered":"About us"},"content":{"rendered":"<div data-elementor-type=\"wp-page\" data-elementor-id=\"6288\" class=\"elementor elementor-6288\" data-elementor-post-type=\"page\">\n\t\t\t\t<div class=\"elementor-element elementor-element-802071d e-flex e-con-boxed e-con e-parent\" data-id=\"802071d\" data-element_type=\"container\" data-e-type=\"container\">\n\t\t\t\t\t<div class=\"e-con-inner\">\n\t\t<div class=\"elementor-element elementor-element-d2a84a8 e-flex e-con-boxed e-con e-child\" data-id=\"d2a84a8\" data-element_type=\"container\" data-e-type=\"container\">\n\t\t\t\t\t<div class=\"e-con-inner\">\n\t\t\t\t<div class=\"elementor-element elementor-element-dfb336d elementor-invisible elementor-widget elementor-widget-heading\" data-id=\"dfb336d\" data-element_type=\"widget\" data-e-type=\"widget\" data-settings=\"{&quot;_animation&quot;:&quot;fadeIn&quot;}\" data-widget_type=\"heading.default\">\n\t\t\t\t<div class=\"elementor-widget-container\">\n\t\t\t\t\t<h1 class=\"elementor-heading-title elementor-size-default\">About the company<\/h1>\t\t\t\t<\/div>\n\t\t\t\t<\/div>\n\t\t\t\t\t<\/div>\n\t\t\t\t<\/div>\n\t\t\t\t\t<\/div>\n\t\t\t\t<\/div>\n\t\t<div class=\"elementor-element elementor-element-c3a44d3 e-flex e-con-boxed elementor-invisible e-con e-parent\" data-id=\"c3a44d3\" data-element_type=\"container\" data-e-type=\"container\" data-settings=\"{&quot;animation&quot;:&quot;fadeIn&quot;}\">\n\t\t\t\t\t<div class=\"e-con-inner\">\n\t\t<div class=\"elementor-element elementor-element-f201e95 e-con-full e-flex e-con e-child\" data-id=\"f201e95\" data-element_type=\"container\" data-e-type=\"container\" data-settings=\"{&quot;animation&quot;:&quot;none&quot;}\">\n\t\t\t\t<div class=\"elementor-element elementor-element-d293d7c elementor-widget elementor-widget-text-editor\" data-id=\"d293d7c\" data-element_type=\"widget\" data-e-type=\"widget\" data-widget_type=\"text-editor.default\">\n\t\t\t\t<div class=\"elementor-widget-container\">\n\t\t\t\t\t\t\t\t\t<p>The history of China National Heavy Duty Truck Group Co., Ltd (hereinafter referred to as \"SINOTRUK\") dates back to the 1930s. In 1960, China's first heavy-duty truck, the HUANGHE brand JN150 eight-ton truck, was produced. signed a first in the history of the republic. SINOTRUK is the largest heavy-duty truck manufacturer in the People's Republic of China.\u00a0<\/p>\t\t\t\t\t\t\t\t<\/div>\n\t\t\t\t<\/div>\n\t\t\t\t<\/div>\n\t\t<div class=\"elementor-element elementor-element-6b911b7 e-con-full e-flex e-con e-child\" data-id=\"6b911b7\" data-element_type=\"container\" data-e-type=\"container\">\n\t\t\t\t<div class=\"elementor-element elementor-element-4307a45 elementor-widget elementor-widget-image\" data-id=\"4307a45\" data-element_type=\"widget\" data-e-type=\"widget\" data-widget_type=\"image.default\">\n\t\t\t\t<div class=\"elementor-widget-container\">\n\t\t\t\t\t\t\t\t\t\t\t\t\t\t\t<img fetchpriority=\"high\" decoding=\"async\" width=\"504\" height=\"178\" src=\"https:\/\/vgv.az\/wp-content\/uploads\/2020\/08\/VGV-original-color.png\" class=\"attachment-large size-large wp-image-6785\" alt=\"\" srcset=\"https:\/\/vgv.az\/wp-content\/uploads\/2020\/08\/VGV-original-color.png 504w, https:\/\/vgv.az\/wp-content\/uploads\/2020\/08\/VGV-original-color-300x106.png 300w\" sizes=\"(max-width: 504px) 100vw, 504px\" \/>\t\t\t\t\t\t\t\t\t\t\t\t\t\t\t<\/div>\n\t\t\t\t<\/div>\n\t\t\t\t<\/div>\n\t\t\t\t\t<\/div>\n\t\t\t\t<\/div>\n\t\t<div class=\"elementor-element elementor-element-0011cd0 e-flex e-con-boxed elementor-invisible e-con e-parent\" data-id=\"0011cd0\" data-element_type=\"container\" data-e-type=\"container\" data-settings=\"{&quot;animation&quot;:&quot;fadeIn&quot;}\">\n\t\t\t\t\t<div class=\"e-con-inner\">\n\t\t\t\t<div class=\"elementor-element elementor-element-4470453 elementor-widget elementor-widget-text-editor\" data-id=\"4470453\" data-element_type=\"widget\" data-e-type=\"widget\" data-widget_type=\"text-editor.default\">\n\t\t\t\t<div class=\"elementor-widget-container\">\n\t\t\t\t\t\t\t\t\t<p>SINOTRUK is the largest heavy-duty truck manufacturer in China. SINOTRUK operates in more than 90 countries and has about 500 dealers, including about 300 technical service centers. SINOTRUK is constantly moving forward to further develop its business with a strategic approach to realize its vision of \"creating high-standard passenger vehicles\" under the VGV brand name.<\/p>\n<p>SINOTRUK VGV passenger cars have large factories with modern technology in Jinan and Chongqing. The Jinan base is manufactured according to the new industry 3.0 standard and has the world's leading production technology.<\/p>\n<p><strong>\"AZERMASH\" LLC is the official distributor of VGV brand in Azerbaijan.&nbsp;<\/strong><\/p>\t\t\t\t\t\t\t\t<\/div>\n\t\t\t\t<\/div>\n\t\t\t\t\t<\/div>\n\t\t\t\t<\/div>\n\t\t\t\t<\/div>","protected":false},"excerpt":{"rendered":"<p>\u015eirk\u0259t haqq\u0131nda China National Heavy Duty Truck Group Co., Ltd-nin tarixi (bundan sonra \u201cSINOTRUK\u201d adland\u0131r\u0131lacaq) 1930 cu ill\u0259r\u0259 t\u0259sad\u00fcf edir.1960-c\u0131 ild\u0259 \u00c7inin ilk a\u011f\u0131r tonnajl\u0131 y\u00fck ma\u015f\u0131n\u0131 olan HUANGHE markal\u0131 JN150 model s\u0259kkiz tonluq y\u00fck ma\u015f\u0131n\u0131 istehsal ed\u0259r\u0259k \u00c7in Xalq &hellip; <a href=\"https:\/\/vgv.az\/en\/haqqimizda\/\">Readmore<\/a><\/p>","protected":false},"author":1,"featured_media":0,"parent":0,"menu_order":0,"comment_status":"closed","ping_status":"closed","template":"","meta":{"_joinchat":[],"footnotes":""},"class_list":["post-6288","page","type-page","status-publish","hentry"],"yoast_head":"<!-- This site is optimized with the Yoast SEO plugin v27.6 - https:\/\/yoast.com\/product\/yoast-seo-wordpress\/ -->\n<title>Haqq\u0131m\u0131zda - VGV Az\u0259rbaycan<\/title>\n<meta name=\"robots\" content=\"index, follow, max-snippet:-1, max-image-preview:large, max-video-preview:-1\" \/>\n<link rel=\"canonical\" href=\"https:\/\/vgv.az\/en\/haqqimizda\/\" \/>\n<meta property=\"og:locale\" content=\"en_US\" \/>\n<meta property=\"og:type\" content=\"article\" \/>\n<meta property=\"og:title\" content=\"Haqq\u0131m\u0131zda - VGV Az\u0259rbaycan\" \/>\n<meta property=\"og:description\" content=\"\u015eirk\u0259t haqq\u0131nda China National Heavy Duty Truck Group Co., Ltd-nin tarixi (bundan sonra \u201cSINOTRUK\u201d adland\u0131r\u0131lacaq) 1930 cu ill\u0259r\u0259 t\u0259sad\u00fcf edir.1960-c\u0131 ild\u0259 \u00c7inin ilk a\u011f\u0131r tonnajl\u0131 y\u00fck ma\u015f\u0131n\u0131 olan HUANGHE markal\u0131 JN150 model s\u0259kkiz tonluq y\u00fck ma\u015f\u0131n\u0131 istehsal ed\u0259r\u0259k \u00c7in Xalq &hellip; Readmore\" \/>\n<meta property=\"og:url\" content=\"https:\/\/vgv.az\/en\/haqqimizda\/\" \/>\n<meta property=\"og:site_name\" content=\"VGV Az\u0259rbaycan\" \/>\n<meta property=\"article:modified_time\" content=\"2024-01-18T10:38:10+00:00\" \/>\n<meta property=\"og:image\" content=\"https:\/\/vgv.az\/wp-content\/uploads\/2020\/08\/VGV-original-color.png\" \/>\n<meta name=\"twitter:card\" content=\"summary_large_image\" \/>\n<meta name=\"twitter:label1\" content=\"Est. reading time\" \/>\n\t<meta name=\"twitter:data1\" content=\"2 minutes\" \/>\n<script type=\"application\/ld+json\" class=\"yoast-schema-graph\">{\"@context\":\"https:\\\/\\\/schema.org\",\"@graph\":[{\"@type\":\"WebPage\",\"@id\":\"https:\\\/\\\/vgv.az\\\/haqqimizda\\\/\",\"url\":\"https:\\\/\\\/vgv.az\\\/haqqimizda\\\/\",\"name\":\"Haqq\u0131m\u0131zda - VGV Az\u0259rbaycan\",\"isPartOf\":{\"@id\":\"https:\\\/\\\/vgv.az\\\/#website\"},\"primaryImageOfPage\":{\"@id\":\"https:\\\/\\\/vgv.az\\\/haqqimizda\\\/#primaryimage\"},\"image\":{\"@id\":\"https:\\\/\\\/vgv.az\\\/haqqimizda\\\/#primaryimage\"},\"thumbnailUrl\":\"https:\\\/\\\/vgv.az\\\/wp-content\\\/uploads\\\/2020\\\/08\\\/VGV-original-color.png\",\"datePublished\":\"2023-12-19T15:16:46+00:00\",\"dateModified\":\"2024-01-18T10:38:10+00:00\",\"breadcrumb\":{\"@id\":\"https:\\\/\\\/vgv.az\\\/haqqimizda\\\/#breadcrumb\"},\"inLanguage\":\"en-US\",\"potentialAction\":[{\"@type\":\"ReadAction\",\"target\":[\"https:\\\/\\\/vgv.az\\\/haqqimizda\\\/\"]}]},{\"@type\":\"ImageObject\",\"inLanguage\":\"en-US\",\"@id\":\"https:\\\/\\\/vgv.az\\\/haqqimizda\\\/#primaryimage\",\"url\":\"https:\\\/\\\/vgv.az\\\/wp-content\\\/uploads\\\/2020\\\/08\\\/VGV-original-color.png\",\"contentUrl\":\"https:\\\/\\\/vgv.az\\\/wp-content\\\/uploads\\\/2020\\\/08\\\/VGV-original-color.png\"},{\"@type\":\"BreadcrumbList\",\"@id\":\"https:\\\/\\\/vgv.az\\\/haqqimizda\\\/#breadcrumb\",\"itemListElement\":[{\"@type\":\"ListItem\",\"position\":1,\"name\":\"Home\",\"item\":\"https:\\\/\\\/vgv.az\\\/\"},{\"@type\":\"ListItem\",\"position\":2,\"name\":\"Haqq\u0131m\u0131zda\"}]},{\"@type\":\"WebSite\",\"@id\":\"https:\\\/\\\/vgv.az\\\/#website\",\"url\":\"https:\\\/\\\/vgv.az\\\/\",\"name\":\"VGV Az\u0259rbaycan\",\"description\":\"VGV\",\"publisher\":{\"@id\":\"https:\\\/\\\/vgv.az\\\/#organization\"},\"potentialAction\":[{\"@type\":\"SearchAction\",\"target\":{\"@type\":\"EntryPoint\",\"urlTemplate\":\"https:\\\/\\\/vgv.az\\\/?s={search_term_string}\"},\"query-input\":{\"@type\":\"PropertyValueSpecification\",\"valueRequired\":true,\"valueName\":\"search_term_string\"}}],\"inLanguage\":\"en-US\"},{\"@type\":\"Organization\",\"@id\":\"https:\\\/\\\/vgv.az\\\/#organization\",\"name\":\"VGV Az\u0259rbaycan\",\"url\":\"https:\\\/\\\/vgv.az\\\/\",\"logo\":{\"@type\":\"ImageObject\",\"inLanguage\":\"en-US\",\"@id\":\"https:\\\/\\\/vgv.az\\\/#\\\/schema\\\/logo\\\/image\\\/\",\"url\":\"\",\"contentUrl\":\"\",\"caption\":\"VGV Az\u0259rbaycan\"},\"image\":{\"@id\":\"https:\\\/\\\/vgv.az\\\/#\\\/schema\\\/logo\\\/image\\\/\"}}]}<\/script>\n<!-- \/ Yoast SEO plugin. -->","yoast_head_json":{"title":"Haqq\u0131m\u0131zda - VGV Az\u0259rbaycan","robots":{"index":"index","follow":"follow","max-snippet":"max-snippet:-1","max-image-preview":"max-image-preview:large","max-video-preview":"max-video-preview:-1"},"canonical":"https:\/\/vgv.az\/en\/haqqimizda\/","og_locale":"en_US","og_type":"article","og_title":"Haqq\u0131m\u0131zda - VGV Az\u0259rbaycan","og_description":"\u015eirk\u0259t haqq\u0131nda China National Heavy Duty Truck Group Co., Ltd-nin tarixi (bundan sonra \u201cSINOTRUK\u201d adland\u0131r\u0131lacaq) 1930 cu ill\u0259r\u0259 t\u0259sad\u00fcf edir.1960-c\u0131 ild\u0259 \u00c7inin ilk a\u011f\u0131r tonnajl\u0131 y\u00fck ma\u015f\u0131n\u0131 olan HUANGHE markal\u0131 JN150 model s\u0259kkiz tonluq y\u00fck ma\u015f\u0131n\u0131 istehsal ed\u0259r\u0259k \u00c7in Xalq &hellip; Readmore","og_url":"https:\/\/vgv.az\/en\/haqqimizda\/","og_site_name":"VGV Az\u0259rbaycan","article_modified_time":"2024-01-18T10:38:10+00:00","og_image":[{"url":"https:\/\/vgv.az\/wp-content\/uploads\/2020\/08\/VGV-original-color.png","type":"","width":"","height":""}],"twitter_card":"summary_large_image","twitter_misc":{"Est. reading time":"2 minutes"},"schema":{"@context":"https:\/\/schema.org","@graph":[{"@type":"WebPage","@id":"https:\/\/vgv.az\/haqqimizda\/","url":"https:\/\/vgv.az\/haqqimizda\/","name":"Haqq\u0131m\u0131zda - VGV Az\u0259rbaycan","isPartOf":{"@id":"https:\/\/vgv.az\/#website"},"primaryImageOfPage":{"@id":"https:\/\/vgv.az\/haqqimizda\/#primaryimage"},"image":{"@id":"https:\/\/vgv.az\/haqqimizda\/#primaryimage"},"thumbnailUrl":"https:\/\/vgv.az\/wp-content\/uploads\/2020\/08\/VGV-original-color.png","datePublished":"2023-12-19T15:16:46+00:00","dateModified":"2024-01-18T10:38:10+00:00","breadcrumb":{"@id":"https:\/\/vgv.az\/haqqimizda\/#breadcrumb"},"inLanguage":"en-US","potentialAction":[{"@type":"ReadAction","target":["https:\/\/vgv.az\/haqqimizda\/"]}]},{"@type":"ImageObject","inLanguage":"en-US","@id":"https:\/\/vgv.az\/haqqimizda\/#primaryimage","url":"https:\/\/vgv.az\/wp-content\/uploads\/2020\/08\/VGV-original-color.png","contentUrl":"https:\/\/vgv.az\/wp-content\/uploads\/2020\/08\/VGV-original-color.png"},{"@type":"BreadcrumbList","@id":"https:\/\/vgv.az\/haqqimizda\/#breadcrumb","itemListElement":[{"@type":"ListItem","position":1,"name":"Home","item":"https:\/\/vgv.az\/"},{"@type":"ListItem","position":2,"name":"Haqq\u0131m\u0131zda"}]},{"@type":"WebSite","@id":"https:\/\/vgv.az\/#website","url":"https:\/\/vgv.az\/","name":"VGV Az\u0259rbaycan","description":"VGV","publisher":{"@id":"https:\/\/vgv.az\/#organization"},"potentialAction":[{"@type":"SearchAction","target":{"@type":"EntryPoint","urlTemplate":"https:\/\/vgv.az\/?s={search_term_string}"},"query-input":{"@type":"PropertyValueSpecification","valueRequired":true,"valueName":"search_term_string"}}],"inLanguage":"en-US"},{"@type":"Organization","@id":"https:\/\/vgv.az\/#organization","name":"VGV Az\u0259rbaycan","url":"https:\/\/vgv.az\/","logo":{"@type":"ImageObject","inLanguage":"en-US","@id":"https:\/\/vgv.az\/#\/schema\/logo\/image\/","url":"","contentUrl":"","caption":"VGV Az\u0259rbaycan"},"image":{"@id":"https:\/\/vgv.az\/#\/schema\/logo\/image\/"}}]}},"_links":{"self":[{"href":"https:\/\/vgv.az\/en\/wp-json\/wp\/v2\/pages\/6288","targetHints":{"allow":["GET"]}}],"collection":[{"href":"https:\/\/vgv.az\/en\/wp-json\/wp\/v2\/pages"}],"about":[{"href":"https:\/\/vgv.az\/en\/wp-json\/wp\/v2\/types\/page"}],"author":[{"embeddable":true,"href":"https:\/\/vgv.az\/en\/wp-json\/wp\/v2\/users\/1"}],"replies":[{"embeddable":true,"href":"https:\/\/vgv.az\/en\/wp-json\/wp\/v2\/comments?post=6288"}],"version-history":[{"count":28,"href":"https:\/\/vgv.az\/en\/wp-json\/wp\/v2\/pages\/6288\/revisions"}],"predecessor-version":[{"id":7086,"href":"https:\/\/vgv.az\/en\/wp-json\/wp\/v2\/pages\/6288\/revisions\/7086"}],"wp:attachment":[{"href":"https:\/\/vgv.az\/en\/wp-json\/wp\/v2\/media?parent=6288"}],"curies":[{"name":"wp","href":"https:\/\/api.w.org\/{rel}","templated":true}]}}